{"id":8039,"date":"2021-08-25T09:00:10","date_gmt":"2021-08-25T09:00:10","guid":{"rendered":"https:\/\/www.kralfoods.com\/contact-us\/"},"modified":"2024-08-19T15:10:40","modified_gmt":"2024-08-19T15:10:40","slug":"contact-us","status":"publish","type":"page","link":"https:\/\/www.kralfoods.com\/en\/contact-us\/","title":{"rendered":"CONTACT US"},"content":{"rendered":"<section class=\"wpb-content-wrapper\"><p>[vc_row css_animation=&#8221;none&#8221; css=&#8221;.vc_custom_1683199200767{margin-bottom: 80px !important;}&#8221; woodmart_css_id=&#8221;645394d992646&#8243; responsive_spacing=&#8221;eyJwYXJhbV90eXBlIjoid29vZG1hcnRfcmVzcG9uc2l2ZV9zcGFjaW5nIiwic2VsZWN0b3JfaWQiOiI2NDUzOTRkOTkyNjQ2Iiwic2hvcnRjb2RlIjoidmNfcm93IiwiZGF0YSI6eyJ0YWJsZXQiOnsibWFyZ2luLWJvdHRvbSI6IjYwcHgifSwibW9iaWxlIjp7fX19&#8243; mobile_bg_img_hidden=&#8221;no&#8221; tablet_bg_img_hidden=&#8221;no&#8221; woodmart_parallax=&#8221;0&#8243; woodmart_gradient_switch=&#8221;no&#8221; woodmart_box_shadow=&#8221;no&#8221; wd_z_index=&#8221;no&#8221; woodmart_disable_overflow=&#8221;0&#8243; row_reverse_mobile=&#8221;0&#8243; row_reverse_tablet=&#8221;0&#8243;][vc_column width=&#8221;1\/2&#8243;]\t\t<div id=\"wd-6541078894b8a\" class=\"wd-image wd-wpb wd-rs-6541078894b8a text-center \">\n\t\t\t\n\t\t\t<img loading=\"lazy\" decoding=\"async\"  src=\"https:\/\/www.kralfoods.com\/wp-content\/uploads\/2023\/10\/kralfoods-logolu.svg\" width=\"400\" height=\"350\">\n\t\t\t\t\t<\/div>\n\t\t[vc_separator wd_hide_on_desktop=&#8221;no&#8221; wd_hide_on_tablet=&#8221;no&#8221; wd_hide_on_mobile=&#8221;no&#8221;]\t\t\t<link rel=\"stylesheet\" id=\"wd-info-box-css\" href=\"https:\/\/www.kralfoods.com\/wp-content\/themes\/woodmart\/css\/parts\/el-info-box.min.css?ver=7.2.1\" type=\"text\/css\" media=\"all\" \/> \t\t\t\t\t\t<div class=\"info-box-wrapper\">\n\t\t\t\t<div id=\"wd-6632081baf817\" class=\" wd-rs-6632081baf817 cursor-pointer wd-info-box wd-wpb text-center box-icon-align-top box-style- color-scheme- wd-bg-none vc_custom_1714554972386\"  >\n\t\t\t\t\t\t\t\t\t\t<div class=\"info-box-content\">\n\t\t\t\t\t\t<h4 class=\"info-box-title title box-title-style-default wd-fontsize-m\">KRAL UNLU MAM\u00dcLLER GIDA SAN. T\u0130C. A.\u015e.<\/h4>\t\t\t\t\t\t<div class=\"info-box-inner set-cont-mb-s reset-last-child\">\n\t\t\t\t\t\t\t<p>19 May\u0131s Bulvar\u0131 Lalahan Mah. No: 191<br \/>\nMamak\/Ankara &#8211; T\u00dcRK\u0130YE<\/p>\n<div>Phone: <a href=\"tel:903128651810\">+90 (312) 865 18 10 \u2013 11 <\/a><\/div>\n<div>Fax: +90 (312) 865 18 09<\/div>\n<div>e-Mail: <a href=\"mailto:fabrika@kralgida.com\">fabrika@kralgida.com <\/a><\/div>\n<div><a href=\"mailto:kral@kralgida.com\">kral@kralgida.com<\/a><\/div>\n<p>\n\t\t\t\t\t\t<\/div>\n\n\t\t\t\t\t\t\t\t\t\t\t<\/div>\n\n\t\t\t\t\t\t\t\t\t<\/div>\n\t\t\t<\/div>\n\t\t\t\t\t<div class=\"info-box-wrapper\">\n\t\t\t\t<div id=\"wd-654106e32caa6\" class=\" wd-rs-654106e32caa6 cursor-pointer wd-info-box wd-wpb text-center box-icon-align-top box-style- color-scheme- wd-bg-none vc_custom_1698760426072\"  >\n\t\t\t\t\t\t\t\t\t\t<div class=\"info-box-content\">\n\t\t\t\t\t\t<h4 class=\"info-box-title title box-title-style-default wd-fontsize-m\">EXPORT - SALES<\/h4>\t\t\t\t\t\t<div class=\"info-box-inner set-cont-mb-s reset-last-child\">\n\t\t\t\t\t\t\t<\/p>\n<div>Tel: <a href=\"tel:905443976200\">+90 (544) 397 62 00 <\/a><\/div>\n<div><\/div>\n<div>e-Mail: <a href=\"mailto:export@kralfoods.com\">export@kralfoods.com <\/a><\/div>\n<p>\n\t\t\t\t\t\t<\/div>\n\n\t\t\t\t\t\t\t\t\t\t\t<\/div>\n\n\t\t\t\t\t\t\t\t\t<\/div>\n\t\t\t<\/div>\n\t\t[vc_separator wd_hide_on_desktop=&#8221;no&#8221; wd_hide_on_tablet=&#8221;no&#8221; wd_hide_on_mobile=&#8221;no&#8221;][\/vc_column][vc_column width=&#8221;1\/2&#8243;]<div class=\"wpforms-container wpforms-container-full wpforms-render-modern\" id=\"wpforms-8060\"><form id=\"wpforms-form-8060\" class=\"wpforms-validate wpforms-form wpforms-ajax-form\" data-formid=\"8060\" method=\"post\" enctype=\"multipart\/form-data\" action=\"\/en\/wp-json\/wp\/v2\/pages\/8039\" data-token=\"0c3514cda52560ef9421016bf2128d5c\" data-token-time=\"1777519592\"><noscript class=\"wpforms-error-noscript\">Please enable JavaScript in your browser to complete this form.<\/noscript><div class=\"wpforms-hidden\" id=\"wpforms-error-noscript\">Please enable JavaScript in your browser to complete this form.<\/div><div class=\"wpforms-field-container\"><div id=\"wpforms-8060-field_3-container\" class=\"wpforms-field wpforms-field-text\" data-field-id=\"3\"><label class=\"wpforms-field-label\" for=\"wpforms-8060-field_3\">Company\u2019s Name  <span class=\"wpforms-required-label\" aria-hidden=\"true\">*<\/span><\/label><input type=\"text\" id=\"wpforms-8060-field_3\" class=\"wpforms-field-large wpforms-field-required\" name=\"wpforms[fields][3]\" aria-errormessage=\"wpforms-8060-field_3-error\" required><\/div><div id=\"wpforms-8060-field_8-container\" class=\"wpforms-field wpforms-field-checkbox wpforms-list-inline\" data-field-id=\"8\"><fieldset><legend class=\"wpforms-field-label\">Company\u2019s Type  <span class=\"wpforms-required-label\" aria-hidden=\"true\">*<\/span><\/legend><ul id=\"wpforms-8060-field_8\" class=\"wpforms-field-required\"><li class=\"choice-1 depth-1\"><input type=\"checkbox\" id=\"wpforms-8060-field_8_1\" name=\"wpforms[fields][8][]\" value=\"Wholesaler\" aria-errormessage=\"wpforms-8060-field_8_1-error\" required ><label class=\"wpforms-field-label-inline\" for=\"wpforms-8060-field_8_1\">Wholesaler<\/label><\/li><li class=\"choice-2 depth-1\"><input type=\"checkbox\" id=\"wpforms-8060-field_8_2\" name=\"wpforms[fields][8][]\" value=\"Distributor\" aria-errormessage=\"wpforms-8060-field_8_2-error\" required ><label class=\"wpforms-field-label-inline\" for=\"wpforms-8060-field_8_2\">Distributor<\/label><\/li><li class=\"choice-3 depth-1\"><input type=\"checkbox\" id=\"wpforms-8060-field_8_3\" name=\"wpforms[fields][8][]\" value=\"Retailer\" aria-errormessage=\"wpforms-8060-field_8_3-error\" required ><label class=\"wpforms-field-label-inline\" for=\"wpforms-8060-field_8_3\">Retailer<\/label><\/li><li class=\"choice-4 depth-1\"><input type=\"checkbox\" id=\"wpforms-8060-field_8_4\" name=\"wpforms[fields][8][]\" value=\"HORECA\" aria-errormessage=\"wpforms-8060-field_8_4-error\" required ><label class=\"wpforms-field-label-inline\" for=\"wpforms-8060-field_8_4\">HORECA<\/label><\/li><li class=\"choice-5 depth-1\"><input type=\"checkbox\" id=\"wpforms-8060-field_8_5\" name=\"wpforms[fields][8][]\" value=\"Other\" aria-errormessage=\"wpforms-8060-field_8_5-error\" required ><label class=\"wpforms-field-label-inline\" for=\"wpforms-8060-field_8_5\">Other<\/label><\/li><\/ul><\/fieldset><\/div><div id=\"wpforms-8060-field_0-container\" class=\"wpforms-field wpforms-field-name\" data-field-id=\"0\"><fieldset><legend class=\"wpforms-field-label\">Name\/Surname <span class=\"wpforms-required-label\" aria-hidden=\"true\">*<\/span><\/legend><div class=\"wpforms-field-row wpforms-field-large\"><div class=\"wpforms-field-row-block wpforms-first wpforms-one-half\"><input type=\"text\" id=\"wpforms-8060-field_0\" class=\"wpforms-field-name-first wpforms-field-required\" name=\"wpforms[fields][0][first]\" aria-errormessage=\"wpforms-8060-field_0-error\" required><label for=\"wpforms-8060-field_0\" class=\"wpforms-field-sublabel after\">First<\/label><\/div><div class=\"wpforms-field-row-block wpforms-one-half\"><input type=\"text\" id=\"wpforms-8060-field_0-last\" class=\"wpforms-field-name-last wpforms-field-required\" name=\"wpforms[fields][0][last]\" aria-errormessage=\"wpforms-8060-field_0-last-error\" required><label for=\"wpforms-8060-field_0-last\" class=\"wpforms-field-sublabel after\">Last<\/label><\/div><\/div><\/fieldset><\/div><div id=\"wpforms-8060-field_5-container\" class=\"wpforms-field wpforms-field-text\" data-field-id=\"5\"><label class=\"wpforms-field-label\" for=\"wpforms-8060-field_5\">Your Position  <span class=\"wpforms-required-label\" aria-hidden=\"true\">*<\/span><\/label><input type=\"text\" id=\"wpforms-8060-field_5\" class=\"wpforms-field-large wpforms-field-required\" name=\"wpforms[fields][5]\" aria-errormessage=\"wpforms-8060-field_5-error\" required><\/div><div id=\"wpforms-8060-field_10-container\" class=\"wpforms-field wpforms-field-text\" data-field-id=\"10\"><label class=\"wpforms-field-label\" for=\"wpforms-8060-field_10\">Phone <span class=\"wpforms-required-label\" aria-hidden=\"true\">*<\/span><\/label><input type=\"text\" id=\"wpforms-8060-field_10\" class=\"wpforms-field-large wpforms-field-required wpforms-limit-characters-enabled\" data-form-id=\"8060\" data-field-id=\"10\" data-text-limit=\"11\" name=\"wpforms[fields][10]\" aria-errormessage=\"wpforms-8060-field_10-error\" aria-describedby=\"wpforms-8060-field_10-description\" maxlength=\"11\" required><div id=\"wpforms-8060-field_10-description\" class=\"wpforms-field-description\">Example: 05001112233 (Please write without leaving spaces between numbers.)<\/div><\/div><div id=\"wpforms-8060-field_1-container\" class=\"wpforms-field wpforms-field-email\" data-field-id=\"1\"><label class=\"wpforms-field-label\" for=\"wpforms-8060-field_1\">Email <span class=\"wpforms-required-label\" aria-hidden=\"true\">*<\/span><\/label><input type=\"email\" id=\"wpforms-8060-field_1\" class=\"wpforms-field-large wpforms-field-required\" name=\"wpforms[fields][1]\" spellcheck=\"false\" aria-errormessage=\"wpforms-8060-field_1-error\" required><\/div><div id=\"wpforms-8060-field_6-container\" class=\"wpforms-field wpforms-field-textarea\" data-field-id=\"6\"><label class=\"wpforms-field-label\" for=\"wpforms-8060-field_6\">Your Request (Please also specify your phone number at the end of your requests.) <span class=\"wpforms-required-label\" aria-hidden=\"true\">*<\/span><\/label><textarea id=\"wpforms-8060-field_6\" class=\"wpforms-field-small wpforms-field-required\" name=\"wpforms[fields][6]\" aria-errormessage=\"wpforms-8060-field_6-error\" required><\/textarea><\/div><div id=\"wpforms-8060-field_9-container\" class=\"wpforms-field wpforms-field-radio wpforms-list-inline\" data-field-id=\"9\"><fieldset><legend class=\"wpforms-field-label\">Preferred Contact Hours?<\/legend><ul id=\"wpforms-8060-field_9\"><li class=\"choice-1 depth-1\"><input type=\"radio\" id=\"wpforms-8060-field_9_1\" name=\"wpforms[fields][9]\" value=\"09:00 - 12:00\" aria-errormessage=\"wpforms-8060-field_9_1-error\"  ><label class=\"wpforms-field-label-inline\" for=\"wpforms-8060-field_9_1\">09:00 - 12:00<\/label><\/li><li class=\"choice-2 depth-1\"><input type=\"radio\" id=\"wpforms-8060-field_9_2\" name=\"wpforms[fields][9]\" value=\"13:00 - 18:00\" aria-errormessage=\"wpforms-8060-field_9_2-error\"  ><label class=\"wpforms-field-label-inline\" for=\"wpforms-8060-field_9_2\">13:00 - 18:00<\/label><\/li><li class=\"choice-4 depth-1\"><input type=\"radio\" id=\"wpforms-8060-field_9_4\" name=\"wpforms[fields][9]\" value=\"Email communication is sufficient.\" aria-errormessage=\"wpforms-8060-field_9_4-error\"  ><label class=\"wpforms-field-label-inline\" for=\"wpforms-8060-field_9_4\">Email communication is sufficient.<\/label><\/li><li class=\"choice-5 depth-1\"><input type=\"radio\" id=\"wpforms-8060-field_9_5\" name=\"wpforms[fields][9]\" value=\"I request to be contacted as soon as possible.\" aria-errormessage=\"wpforms-8060-field_9_5-error\"  ><label class=\"wpforms-field-label-inline\" for=\"wpforms-8060-field_9_5\">I request to be contacted as soon as possible.<\/label><\/li><\/ul><\/fieldset><\/div><\/div><!-- .wpforms-field-container --><div class=\"wpforms-submit-container\" ><input type=\"hidden\" name=\"wpforms[id]\" value=\"8060\"><input type=\"hidden\" name=\"page_title\" value=\"\"><input type=\"hidden\" name=\"page_url\" value=\"https:\/\/www.kralfoods.com\/en\/wp-json\/wp\/v2\/pages\/8039\"><button type=\"submit\" name=\"wpforms[submit]\" id=\"wpforms-submit-8060\" class=\"wpforms-submit\" data-alt-text=\"Sending..\" data-submit-text=\"Submit\" aria-live=\"assertive\" value=\"wpforms-submit\">Submit<\/button><img loading=\"lazy\" decoding=\"async\" src=\"https:\/\/www.kralfoods.com\/wp-content\/plugins\/wpforms-lite\/assets\/images\/submit-spin.svg\" class=\"wpforms-submit-spinner\" style=\"display: none;\" width=\"26\" height=\"26\" alt=\"Loading\"><\/div><\/form><\/div>  <!-- .wpforms-container -->[\/vc_column][\/vc_row][vc_row css_animation=&#8221;none&#8221; css=&#8221;.vc_custom_1683199200767{margin-bottom: 80px !important;}&#8221; woodmart_css_id=&#8221;645394d992646&#8243; responsive_spacing=&#8221;eyJwYXJhbV90eXBlIjoid29vZG1hcnRfcmVzcG9uc2l2ZV9zcGFjaW5nIiwic2VsZWN0b3JfaWQiOiI2NDUzOTRkOTkyNjQ2Iiwic2hvcnRjb2RlIjoidmNfcm93IiwiZGF0YSI6eyJ0YWJsZXQiOnsibWFyZ2luLWJvdHRvbSI6IjYwcHgifSwibW9iaWxlIjp7fX19&#8243; mobile_bg_img_hidden=&#8221;no&#8221; tablet_bg_img_hidden=&#8221;no&#8221; woodmart_parallax=&#8221;0&#8243; woodmart_gradient_switch=&#8221;no&#8221; woodmart_box_shadow=&#8221;no&#8221; wd_z_index=&#8221;no&#8221; woodmart_disable_overflow=&#8221;0&#8243; row_reverse_mobile=&#8221;0&#8243; row_reverse_tablet=&#8221;0&#8243;][vc_column][vc_gmaps link=&#8221;#E-8_JTNDaWZyYW1lJTIwc3JjJTNEJTIyaHR0cHMlM0ElMkYlMkZ3d3cuZ29vZ2xlLmNvbSUyRm1hcHMlMkZlbWJlZCUzRnBiJTNEJTIxMW0xOCUyMTFtMTIlMjExbTMlMjExZDE1MjkuMDQ5MTA2NDMwMTMzJTIxMmQzMy4wODIyNjA2OTk5MzA1OCUyMTNkMzkuOTYxNTU2ODMwMjA0NTY1JTIxMm0zJTIxMWYwJTIxMmYwJTIxM2YwJTIxM20yJTIxMWkxMDI0JTIxMmk3NjglMjE0ZjEzLjElMjEzbTMlMjExbTIlMjExczB4MTRkMzQ5OWMwYmQ5MzA2ZCUyNTNBMHhjZmVkZjUxMzhjMTZjYzdlJTIxMnNLcmFsJTI1MjBHJTI1QzQlMjVCMWRhJTI1MjBVbmx1JTI1MjBNYW0lMjVDMyUyNUJDbGxlciUyMTVlMCUyMTNtMiUyMTFzdHIlMjEyc3RyJTIxNHYxNzI0MDc5MzMwMzI0JTIxNW0yJTIxMXN0ciUyMTJzdHIlMjIlMjB3aWR0aCUzRCUyMjYwMCUyMiUyMGhlaWdodCUzRCUyMjQ1MCUyMiUyMHN0eWxlJTNEJTIyYm9yZGVyJTNBMCUzQiUyMiUyMGFsbG93ZnVsbHNjcmVlbiUzRCUyMiUyMiUyMGxvYWRpbmclM0QlMjJsYXp5JTIyJTIwcmVmZXJyZXJwb2xpY3klM0QlMjJuby1yZWZlcnJlci13aGVuLWRvd25ncmFkZSUyMiUzRSUzQyUyRmlmcmFtZSUzRQ==&#8221;][\/vc_column][\/vc_row][vc_row woodmart_stretch_content=&#8221;section-stretch-content&#8221; woodmart_css_id=&#8221;64f48e5a4533c&#8221; responsive_spacing=&#8221;eyJwYXJhbV90eXBlIjoid29vZG1hcnRfcmVzcG9uc2l2ZV9zcGFjaW5nIiwic2VsZWN0b3JfaWQiOiI2NGY0OGU1YTQ1MzNjIiwic2hvcnRjb2RlIjoidmNfcm93IiwiZGF0YSI6eyJ0YWJsZXQiOnt9LCJtb2JpbGUiOnt9fX0=&#8221; mobile_bg_img_hidden=&#8221;no&#8221; tablet_bg_img_hidden=&#8221;no&#8221; woodmart_parallax=&#8221;0&#8243; woodmart_gradient_switch=&#8221;no&#8221; woodmart_box_shadow=&#8221;no&#8221; wd_z_index=&#8221;no&#8221; woodmart_disable_overflow=&#8221;0&#8243; row_reverse_mobile=&#8221;0&#8243; row_reverse_tablet=&#8221;0&#8243;][vc_column][vc_separator wd_hide_on_desktop=&#8221;no&#8221; wd_hide_on_tablet=&#8221;no&#8221; wd_hide_on_mobile=&#8221;no&#8221;][\/vc_column][\/vc_row]<\/p>\n<\/section>","protected":false},"excerpt":{"rendered":"<p>[vc_row css_animation=&#8221;none&#8221; css=&#8221;.vc_custom_1683199200767{margin-bottom: 80px !important;}&#8221; woodmart_css_id=&#8221;645394d992646&#8243; responsive_spacing=&#8221;eyJwYXJhbV90eXBlIjoid29vZG1hcnRfcmVzcG9uc2l2ZV9zcGFjaW5nIiwic2VsZWN0b3JfaWQiOiI2NDUzOTRkOTkyNjQ2Iiwic2hvcnRjb2RlIjoidmNfcm93IiwiZGF0YSI6eyJ0YWJsZXQiOnsibWFyZ2luLWJvdHRvbSI6IjYwcHgifSwibW9iaWxlIjp7fX19&#8243; mobile_bg_img_hidden=&#8221;no&#8221; tablet_bg_img_hidden=&#8221;no&#8221; woodmart_parallax=&#8221;0&#8243; woodmart_gradient_switch=&#8221;no&#8221; woodmart_box_shadow=&#8221;no&#8221; wd_z_index=&#8221;no&#8221; woodmart_disable_overflow=&#8221;0&#8243; row_reverse_mobile=&#8221;0&#8243; row_reverse_tablet=&#8221;0&#8243;][vc_column width=&#8221;1\/2&#8243;][vc_separator wd_hide_on_desktop=&#8221;no&#8221; wd_hide_on_tablet=&#8221;no&#8221; wd_hide_on_mobile=&#8221;no&#8221;][vc_separator<\/p>\n","protected":false},"author":1,"featured_media":0,"parent":0,"menu_order":0,"comment_status":"closed","ping_status":"closed","template":"","meta":{"footnotes":""},"class_list":["post-8039","page","type-page","status-publish","hentry"],"_links":{"self":[{"href":"https:\/\/www.kralfoods.com\/en\/wp-json\/wp\/v2\/pages\/8039","targetHints":{"allow":["GET"]}}],"collection":[{"href":"https:\/\/www.kralfoods.com\/en\/wp-json\/wp\/v2\/pages"}],"about":[{"href":"https:\/\/www.kralfoods.com\/en\/wp-json\/wp\/v2\/types\/page"}],"author":[{"embeddable":true,"href":"https:\/\/www.kralfoods.com\/en\/wp-json\/wp\/v2\/users\/1"}],"replies":[{"embeddable":true,"href":"https:\/\/www.kralfoods.com\/en\/wp-json\/wp\/v2\/comments?post=8039"}],"version-history":[{"count":8,"href":"https:\/\/www.kralfoods.com\/en\/wp-json\/wp\/v2\/pages\/8039\/revisions"}],"predecessor-version":[{"id":8083,"href":"https:\/\/www.kralfoods.com\/en\/wp-json\/wp\/v2\/pages\/8039\/revisions\/8083"}],"wp:attachment":[{"href":"https:\/\/www.kralfoods.com\/en\/wp-json\/wp\/v2\/media?parent=8039"}],"curies":[{"name":"wp","href":"https:\/\/api.w.org\/{rel}","templated":true}]}}